{"id":1315,"date":"2023-11-28T13:41:12","date_gmt":"2023-11-28T18:41:12","guid":{"rendered":"https:\/\/dev24.devconceptionwm.com\/recursos-utiles\/"},"modified":"2024-01-29T10:53:22","modified_gmt":"2024-01-29T15:53:22","slug":"recursos-utiles","status":"publish","type":"page","link":"https:\/\/dev24.devconceptionwm.com\/es\/recursos-utiles\/","title":{"rendered":"Recursos \u00fatiles"},"content":{"rendered":"\t\t<div data-elementor-type=\"wp-page\" data-elementor-id=\"1315\" class=\"elementor elementor-1315 elementor-536\" data-elementor-post-type=\"page\">\n\t\t\t\t<div class=\"elementor-element elementor-element-399daff e-flex e-con-boxed e-con e-parent\" data-id=\"399daff\" data-element_type=\"container\" data-settings=\"{&quot;content_width&quot;:&quot;boxed&quot;}\" data-core-v316-plus=\"true\">\n\t\t\t\t\t<div class=\"e-con-inner\">\n\t\t<div class=\"elementor-element elementor-element-8fa03bd e-con-full e-flex e-con e-child\" data-id=\"8fa03bd\" data-element_type=\"container\" data-settings=\"{&quot;content_width&quot;:&quot;full&quot;}\">\n\t\t\t\t<div class=\"elementor-element elementor-element-982dcb6 elementor-widget elementor-widget-toggle\" data-id=\"982dcb6\" data-element_type=\"widget\" data-widget_type=\"toggle.default\">\n\t\t\t\t<div class=\"elementor-widget-container\">\n\t\t\t<style>\/*! elementor - v3.19.0 - 29-01-2024 *\/\n.elementor-toggle{text-align:left}.elementor-toggle .elementor-tab-title{font-weight:700;line-height:1;margin:0;padding:15px;border-bottom:1px solid #d5d8dc;cursor:pointer;outline:none}.elementor-toggle .elementor-tab-title .elementor-toggle-icon{display:inline-block;width:1em}.elementor-toggle .elementor-tab-title .elementor-toggle-icon svg{margin-inline-start:-5px;width:1em;height:1em}.elementor-toggle .elementor-tab-title .elementor-toggle-icon.elementor-toggle-icon-right{float:right;text-align:right}.elementor-toggle .elementor-tab-title .elementor-toggle-icon.elementor-toggle-icon-left{float:left;text-align:left}.elementor-toggle .elementor-tab-title .elementor-toggle-icon .elementor-toggle-icon-closed{display:block}.elementor-toggle .elementor-tab-title .elementor-toggle-icon .elementor-toggle-icon-opened{display:none}.elementor-toggle .elementor-tab-title.elementor-active{border-bottom:none}.elementor-toggle .elementor-tab-title.elementor-active .elementor-toggle-icon-closed{display:none}.elementor-toggle .elementor-tab-title.elementor-active .elementor-toggle-icon-opened{display:block}.elementor-toggle .elementor-tab-content{padding:15px;border-bottom:1px solid #d5d8dc;display:none}@media (max-width:767px){.elementor-toggle .elementor-tab-title{padding:12px}.elementor-toggle .elementor-tab-content{padding:12px 10px}}.e-con-inner>.elementor-widget-toggle,.e-con>.elementor-widget-toggle{width:var(--container-widget-width);--flex-grow:var(--container-widget-flex-grow)}<\/style>\t\t<div class=\"elementor-toggle\">\n\t\t\t\t\t\t\t<div class=\"elementor-toggle-item\">\n\t\t\t\t\t<div id=\"elementor-tab-title-1591\" class=\"elementor-tab-title\" data-tab=\"1\" role=\"button\" aria-controls=\"elementor-tab-content-1591\" aria-expanded=\"false\">\n\t\t\t\t\t\t\t\t\t\t\t\t<span class=\"elementor-toggle-icon elementor-toggle-icon-left\" aria-hidden=\"true\">\n\t\t\t\t\t\t\t\t\t\t\t\t\t\t\t<span class=\"elementor-toggle-icon-closed\"><i class=\"fas fa-caret-right\"><\/i><\/span>\n\t\t\t\t\t\t\t\t<span class=\"elementor-toggle-icon-opened\"><i class=\"elementor-toggle-icon-opened fas fa-caret-up\"><\/i><\/span>\n\t\t\t\t\t\t\t\t\t\t\t\t\t<\/span>\n\t\t\t\t\t\t\t\t\t\t\t\t<a class=\"elementor-toggle-title\" tabindex=\"0\">Para los altavoces<\/a>\n\t\t\t\t\t<\/div>\n\n\t\t\t\t\t<div id=\"elementor-tab-content-1591\" class=\"elementor-tab-content elementor-clearfix\" data-tab=\"1\" role=\"region\" aria-labelledby=\"elementor-tab-title-1591\"><p><strong>Acceso a la atenci\u00f3n de salud<\/strong><\/p>\n<p><a href=\"\/wp-content\/uploads\/2023\/11\/Outil-final-acces-soins-de-sante.pdf\"><strong>Herramienta final -haga clic aqu\u00ed- <\/strong><\/a><\/p>\n<p>Tuvimos la oportunidad, a principios de 2021, de establecer una colaboraci\u00f3n con la cl\u00ednica comunitaria SPOT para ofrecer una hoja de informaci\u00f3n y un taller para orientarnos mejor en el sistema de salud de Quebec. Se realiza en tres partes:<\/p>\n<p><strong>Parte 1:<\/strong> Consulta con mujeres inmigrantes de todos los estatus que han tenido un camino lleno de escollos dentro del sistema de salud de Quebec. La consulta permiti\u00f3 escuchar sus vivencias, sus frustraciones frente a sus vivencias y los elementos que les hubiera gustado saber antes de tener que utilizar los servicios del sistema de salud en Quebec.<\/p>\n<p><strong>Parte 2:<\/strong> La pasante de farmacia No\u00e9mi Savoie luego cre\u00f3 una herramienta pict\u00f3rica que expone los diferentes recursos y formas de navegar a trav\u00e9s de este complejo sistema. La herramienta fue validada por los participantes de la consulta. <\/p>\n<p><strong>Parte 3:<\/strong> Sesi\u00f3n de presentaci\u00f3n de la herramienta y recolecci\u00f3n de preguntas de los participantes.<\/p>\n<\/div>\n\t\t\t\t<\/div>\n\t\t\t\t\t\t\t<div class=\"elementor-toggle-item\">\n\t\t\t\t\t<div id=\"elementor-tab-title-1592\" class=\"elementor-tab-title\" data-tab=\"2\" role=\"button\" aria-controls=\"elementor-tab-content-1592\" aria-expanded=\"false\">\n\t\t\t\t\t\t\t\t\t\t\t\t<span class=\"elementor-toggle-icon elementor-toggle-icon-left\" aria-hidden=\"true\">\n\t\t\t\t\t\t\t\t\t\t\t\t\t\t\t<span class=\"elementor-toggle-icon-closed\"><i class=\"fas fa-caret-right\"><\/i><\/span>\n\t\t\t\t\t\t\t\t<span class=\"elementor-toggle-icon-opened\"><i class=\"elementor-toggle-icon-opened fas fa-caret-up\"><\/i><\/span>\n\t\t\t\t\t\t\t\t\t\t\t\t\t<\/span>\n\t\t\t\t\t\t\t\t\t\t\t\t<a class=\"elementor-toggle-title\" tabindex=\"0\">Para los altavoces<\/a>\n\t\t\t\t\t<\/div>\n\n\t\t\t\t\t<div id=\"elementor-tab-content-1592\" class=\"elementor-tab-content elementor-clearfix\" data-tab=\"2\" role=\"region\" aria-labelledby=\"elementor-tab-title-1592\"><p>Pr\u00f3ximamente<\/p>\n<\/div>\n\t\t\t\t<\/div>\n\t\t\t\t\t\t\t<div class=\"elementor-toggle-item\">\n\t\t\t\t\t<div id=\"elementor-tab-title-1593\" class=\"elementor-tab-title\" data-tab=\"3\" role=\"button\" aria-controls=\"elementor-tab-content-1593\" aria-expanded=\"false\">\n\t\t\t\t\t\t\t\t\t\t\t\t<span class=\"elementor-toggle-icon elementor-toggle-icon-left\" aria-hidden=\"true\">\n\t\t\t\t\t\t\t\t\t\t\t\t\t\t\t<span class=\"elementor-toggle-icon-closed\"><i class=\"fas fa-caret-right\"><\/i><\/span>\n\t\t\t\t\t\t\t\t<span class=\"elementor-toggle-icon-opened\"><i class=\"elementor-toggle-icon-opened fas fa-caret-up\"><\/i><\/span>\n\t\t\t\t\t\t\t\t\t\t\t\t\t<\/span>\n\t\t\t\t\t\t\t\t\t\t\t\t<a class=\"elementor-toggle-title\" tabindex=\"0\">Planificaci\u00f3n estrat\u00e9gica de la CAI<\/a>\n\t\t\t\t\t<\/div>\n\n\t\t\t\t\t<div id=\"elementor-tab-content-1593\" class=\"elementor-tab-content elementor-clearfix\" data-tab=\"3\" role=\"region\" aria-labelledby=\"elementor-tab-title-1593\"><p>Planificaci\u00f3n estrat\u00e9gica 2023-2026 <a href=\"\/wp-content\/uploads\/2023\/12\/Planif.-Strategique-CAI-2023-2026.pdf\">(PDF)<\/a><\/p>\n<\/div>\n\t\t\t\t<\/div>\n\t\t\t\t\t\t\t<div class=\"elementor-toggle-item\">\n\t\t\t\t\t<div id=\"elementor-tab-title-1594\" class=\"elementor-tab-title\" data-tab=\"4\" role=\"button\" aria-controls=\"elementor-tab-content-1594\" aria-expanded=\"false\">\n\t\t\t\t\t\t\t\t\t\t\t\t<span class=\"elementor-toggle-icon elementor-toggle-icon-left\" aria-hidden=\"true\">\n\t\t\t\t\t\t\t\t\t\t\t\t\t\t\t<span class=\"elementor-toggle-icon-closed\"><i class=\"fas fa-caret-right\"><\/i><\/span>\n\t\t\t\t\t\t\t\t<span class=\"elementor-toggle-icon-opened\"><i class=\"elementor-toggle-icon-opened fas fa-caret-up\"><\/i><\/span>\n\t\t\t\t\t\t\t\t\t\t\t\t\t<\/span>\n\t\t\t\t\t\t\t\t\t\t\t\t<a class=\"elementor-toggle-title\" tabindex=\"0\">Informes anuales de la CAI<\/a>\n\t\t\t\t\t<\/div>\n\n\t\t\t\t\t<div id=\"elementor-tab-content-1594\" class=\"elementor-tab-content elementor-clearfix\" data-tab=\"4\" role=\"region\" aria-labelledby=\"elementor-tab-title-1594\"><ul>\n<li><a href=\"\/wp-content\/uploads\/2023\/12\/CAI-Rapport-activites_2018-2019.pdf\">Informe de actividades 2018-2019 (PDF)<\/a><\/li>\n<li><a href=\"\/wp-content\/uploads\/2023\/12\/Rapport-dactivite-CAI_2020-2021.pdf\">Informe de actividades 2020-2021 (PDF)<\/a><\/li>\n<li><a href=\"\/wp-content\/uploads\/2023\/12\/RapportAnnuel_CAI_2021-2022.pdf\">Informe de actividades 2021-2022 (PDF)<\/a><\/li>\n<\/ul>\n<\/div>\n\t\t\t\t<\/div>\n\t\t\t\t\t\t\t<div class=\"elementor-toggle-item\">\n\t\t\t\t\t<div id=\"elementor-tab-title-1595\" class=\"elementor-tab-title\" data-tab=\"5\" role=\"button\" aria-controls=\"elementor-tab-content-1595\" aria-expanded=\"false\">\n\t\t\t\t\t\t\t\t\t\t\t\t<span class=\"elementor-toggle-icon elementor-toggle-icon-left\" aria-hidden=\"true\">\n\t\t\t\t\t\t\t\t\t\t\t\t\t\t\t<span class=\"elementor-toggle-icon-closed\"><i class=\"fas fa-caret-right\"><\/i><\/span>\n\t\t\t\t\t\t\t\t<span class=\"elementor-toggle-icon-opened\"><i class=\"elementor-toggle-icon-opened fas fa-caret-up\"><\/i><\/span>\n\t\t\t\t\t\t\t\t\t\t\t\t\t<\/span>\n\t\t\t\t\t\t\t\t\t\t\t\t<a class=\"elementor-toggle-title\" tabindex=\"0\">Publicaciones acad\u00e9micas<\/a>\n\t\t\t\t\t<\/div>\n\n\t\t\t\t\t<div id=\"elementor-tab-content-1595\" class=\"elementor-tab-content elementor-clearfix\" data-tab=\"5\" role=\"region\" aria-labelledby=\"elementor-tab-title-1595\"><ul>\n<li><a href=\"\/wp-content\/uploads\/2023\/12\/Rapport-labo2020_Chenour-Oechslin.pdf\">La experiencia del apoyo personalizado en relaci\u00f3n con los itinerarios migratorios &#8211; Chenour Oechslin, Departamento de Sociolog\u00eda, Universidad Laval, Laboratorio de Investigaci\u00f3n (PDF)<\/a><\/li>\n<\/ul>\n<\/div>\n\t\t\t\t<\/div>\n\t\t\t\t\t\t\t\t<\/div>\n\t\t\t\t<\/div>\n\t\t\t\t<\/div>\n\t\t\t\t<div class=\"elementor-element elementor-element-b795eb2 elementor-widget elementor-widget-text-editor\" data-id=\"b795eb2\" data-element_type=\"widget\" data-widget_type=\"text-editor.default\">\n\t\t\t\t<div class=\"elementor-widget-container\">\n\t\t\t<style>\/*! elementor - v3.19.0 - 29-01-2024 *\/\n.elementor-widget-text-editor.elementor-drop-cap-view-stacked .elementor-drop-cap{background-color:#69727d;color:#fff}.elementor-widget-text-editor.elementor-drop-cap-view-framed .elementor-drop-cap{color:#69727d;border:3px solid;background-color:transparent}.elementor-widget-text-editor:not(.elementor-drop-cap-view-default) .elementor-drop-cap{margin-top:8px}.elementor-widget-text-editor:not(.elementor-drop-cap-view-default) .elementor-drop-cap-letter{width:1em;height:1em}.elementor-widget-text-editor .elementor-drop-cap{float:left;text-align:center;line-height:1;font-size:50px}.elementor-widget-text-editor .elementor-drop-cap-letter{display:inline-block}<\/style>\t\t\t\t\t\t\t\t\t\t<\/div>\n\t\t\t\t<\/div>\n\t\t\t\t<\/div>\n\t\t<div class=\"elementor-element elementor-element-0426db3 e-con-full e-flex e-con e-child\" data-id=\"0426db3\" data-element_type=\"container\" data-settings=\"{&quot;content_width&quot;:&quot;full&quot;}\">\n\t\t\t\t<div class=\"elementor-element elementor-element-d68c678 elementor-widget elementor-widget-image\" data-id=\"d68c678\" data-element_type=\"widget\" data-widget_type=\"image.default\">\n\t\t\t\t<div class=\"elementor-widget-container\">\n\t\t\t<style>\/*! elementor - v3.19.0 - 29-01-2024 *\/\n.elementor-widget-image{text-align:center}.elementor-widget-image a{display:inline-block}.elementor-widget-image a img[src$=\".svg\"]{width:48px}.elementor-widget-image img{vertical-align:middle;display:inline-block}<\/style>\t\t\t\t\t\t\t\t\t\t<img fetchpriority=\"high\" decoding=\"async\" width=\"800\" height=\"600\" src=\"https:\/\/dev24.devconceptionwm.com\/wp-content\/uploads\/2023\/12\/PXL_20230708_223818892-1024x768.jpg\" class=\"attachment-large size-large wp-image-1275\" alt=\"\" srcset=\"https:\/\/dev24.devconceptionwm.com\/wp-content\/uploads\/2023\/12\/PXL_20230708_223818892-1024x768.jpg 1024w, https:\/\/dev24.devconceptionwm.com\/wp-content\/uploads\/2023\/12\/PXL_20230708_223818892-300x225.jpg 300w, https:\/\/dev24.devconceptionwm.com\/wp-content\/uploads\/2023\/12\/PXL_20230708_223818892-768x576.jpg 768w, https:\/\/dev24.devconceptionwm.com\/wp-content\/uploads\/2023\/12\/PXL_20230708_223818892-1536x1152.jpg 1536w, https:\/\/dev24.devconceptionwm.com\/wp-content\/uploads\/2023\/12\/PXL_20230708_223818892-2048x1536.jpg 2048w\" sizes=\"(max-width: 800px) 100vw, 800px\" \/>\t\t\t\t\t\t\t\t\t\t\t\t\t<\/div>\n\t\t\t\t<\/div>\n\t\t\t\t<\/div>\n\t\t\t\t\t<\/div>\n\t\t\t\t<\/div>\n\t\t\t\t<\/div>\n\t\t","protected":false},"excerpt":{"rendered":"<p>Para los altavoces Acceso a la atenci\u00f3n de salud Herramienta final -haga clic aqu\u00ed- Tuvimos la oportunidad, a principios de 2021, de establecer una colaboraci\u00f3n con la cl\u00ednica comunitaria SPOT para ofrecer una hoja de informaci\u00f3n y un taller para orientarnos mejor en el sistema de salud de Quebec. Se realiza en tres partes: Parte [&hellip;]<\/p>\n","protected":false},"author":2,"featured_media":0,"parent":0,"menu_order":0,"comment_status":"closed","ping_status":"closed","template":"","meta":{"footnotes":""},"class_list":["post-1315","page","type-page","status-publish","hentry"],"yoast_head":"<!-- This site is optimized with the Yoast SEO plugin v21.9.1 - https:\/\/yoast.com\/wordpress\/plugins\/seo\/ -->\n<title>Recursos \u00fatiles - Carrefour d&#039;action interculturelle<\/title>\n<meta name=\"robots\" content=\"noindex, follow, max-snippet:-1, max-image-preview:large, max-video-preview:-1\" \/>\n<meta property=\"og:locale\" content=\"es_ES\" \/>\n<meta property=\"og:type\" content=\"article\" \/>\n<meta property=\"og:title\" content=\"Recursos \u00fatiles - Carrefour d&#039;action interculturelle\" \/>\n<meta property=\"og:description\" content=\"Para los altavoces Acceso a la atenci\u00f3n de salud Herramienta final -haga clic aqu\u00ed- Tuvimos la oportunidad, a principios de 2021, de establecer una colaboraci\u00f3n con la cl\u00ednica comunitaria SPOT para ofrecer una hoja de informaci\u00f3n y un taller para orientarnos mejor en el sistema de salud de Quebec. Se realiza en tres partes: Parte [&hellip;]\" \/>\n<meta property=\"og:url\" content=\"https:\/\/dev24.devconceptionwm.com\/ressources-utiles\/\" \/>\n<meta property=\"og:site_name\" content=\"Carrefour d&#039;action interculturelle\" \/>\n<meta property=\"article:modified_time\" content=\"2024-01-29T15:53:22+00:00\" \/>\n<meta property=\"og:image\" content=\"https:\/\/dev24.devconceptionwm.com\/wp-content\/uploads\/2023\/12\/PXL_20230708_223818892-1024x768.jpg\" \/>\n<meta name=\"twitter:card\" content=\"summary_large_image\" \/>\n<meta name=\"twitter:label1\" content=\"Tiempo de lectura\" \/>\n\t<meta name=\"twitter:data1\" content=\"1 minuto\" \/>\n<script type=\"application\/ld+json\" class=\"yoast-schema-graph\">{\"@context\":\"https:\/\/schema.org\",\"@graph\":[{\"@type\":\"WebPage\",\"@id\":\"https:\/\/dev24.devconceptionwm.com\/ressources-utiles\/\",\"url\":\"https:\/\/dev24.devconceptionwm.com\/ressources-utiles\/\",\"name\":\"Recursos \u00fatiles - Carrefour d&#039;action interculturelle\",\"isPartOf\":{\"@id\":\"https:\/\/dev24.devconceptionwm.com\/#website\"},\"datePublished\":\"2023-11-28T18:41:12+00:00\",\"dateModified\":\"2024-01-29T15:53:22+00:00\",\"breadcrumb\":{\"@id\":\"https:\/\/dev24.devconceptionwm.com\/ressources-utiles\/#breadcrumb\"},\"inLanguage\":\"es\",\"potentialAction\":[{\"@type\":\"ReadAction\",\"target\":[\"https:\/\/dev24.devconceptionwm.com\/ressources-utiles\/\"]}]},{\"@type\":\"BreadcrumbList\",\"@id\":\"https:\/\/dev24.devconceptionwm.com\/ressources-utiles\/#breadcrumb\",\"itemListElement\":[{\"@type\":\"ListItem\",\"position\":1,\"name\":\"Accueil\",\"item\":\"https:\/\/dev24.devconceptionwm.com\/\"},{\"@type\":\"ListItem\",\"position\":2,\"name\":\"Recursos \u00fatiles\"}]},{\"@type\":\"WebSite\",\"@id\":\"https:\/\/dev24.devconceptionwm.com\/#website\",\"url\":\"https:\/\/dev24.devconceptionwm.com\/\",\"name\":\"Carrefour d&#039;action interculturelle\",\"description\":\"\",\"publisher\":{\"@id\":\"https:\/\/dev24.devconceptionwm.com\/#organization\"},\"potentialAction\":[{\"@type\":\"SearchAction\",\"target\":{\"@type\":\"EntryPoint\",\"urlTemplate\":\"https:\/\/dev24.devconceptionwm.com\/?s={search_term_string}\"},\"query-input\":\"required name=search_term_string\"}],\"inLanguage\":\"es\"},{\"@type\":\"Organization\",\"@id\":\"https:\/\/dev24.devconceptionwm.com\/#organization\",\"name\":\"Carrefour d&#039;action interculturelle\",\"url\":\"https:\/\/dev24.devconceptionwm.com\/\",\"logo\":{\"@type\":\"ImageObject\",\"inLanguage\":\"es\",\"@id\":\"https:\/\/dev24.devconceptionwm.com\/#\/schema\/logo\/image\/\",\"url\":\"https:\/\/dev24.devconceptionwm.com\/wp-content\/uploads\/2023\/11\/CAI-logo-blanc.png\",\"contentUrl\":\"https:\/\/dev24.devconceptionwm.com\/wp-content\/uploads\/2023\/11\/CAI-logo-blanc.png\",\"width\":100,\"height\":70,\"caption\":\"Carrefour d&#039;action interculturelle\"},\"image\":{\"@id\":\"https:\/\/dev24.devconceptionwm.com\/#\/schema\/logo\/image\/\"}}]}<\/script>\n<!-- \/ Yoast SEO plugin. -->","yoast_head_json":{"title":"Recursos \u00fatiles - Carrefour d&#039;action interculturelle","robots":{"index":"noindex","follow":"follow","max-snippet":"max-snippet:-1","max-image-preview":"max-image-preview:large","max-video-preview":"max-video-preview:-1"},"og_locale":"es_ES","og_type":"article","og_title":"Recursos \u00fatiles - Carrefour d&#039;action interculturelle","og_description":"Para los altavoces Acceso a la atenci\u00f3n de salud Herramienta final -haga clic aqu\u00ed- Tuvimos la oportunidad, a principios de 2021, de establecer una colaboraci\u00f3n con la cl\u00ednica comunitaria SPOT para ofrecer una hoja de informaci\u00f3n y un taller para orientarnos mejor en el sistema de salud de Quebec. Se realiza en tres partes: Parte [&hellip;]","og_url":"https:\/\/dev24.devconceptionwm.com\/ressources-utiles\/","og_site_name":"Carrefour d&#039;action interculturelle","article_modified_time":"2024-01-29T15:53:22+00:00","og_image":[{"url":"https:\/\/dev24.devconceptionwm.com\/wp-content\/uploads\/2023\/12\/PXL_20230708_223818892-1024x768.jpg"}],"twitter_card":"summary_large_image","twitter_misc":{"Tiempo de lectura":"1 minuto"},"schema":{"@context":"https:\/\/schema.org","@graph":[{"@type":"WebPage","@id":"https:\/\/dev24.devconceptionwm.com\/ressources-utiles\/","url":"https:\/\/dev24.devconceptionwm.com\/ressources-utiles\/","name":"Recursos \u00fatiles - Carrefour d&#039;action interculturelle","isPartOf":{"@id":"https:\/\/dev24.devconceptionwm.com\/#website"},"datePublished":"2023-11-28T18:41:12+00:00","dateModified":"2024-01-29T15:53:22+00:00","breadcrumb":{"@id":"https:\/\/dev24.devconceptionwm.com\/ressources-utiles\/#breadcrumb"},"inLanguage":"es","potentialAction":[{"@type":"ReadAction","target":["https:\/\/dev24.devconceptionwm.com\/ressources-utiles\/"]}]},{"@type":"BreadcrumbList","@id":"https:\/\/dev24.devconceptionwm.com\/ressources-utiles\/#breadcrumb","itemListElement":[{"@type":"ListItem","position":1,"name":"Accueil","item":"https:\/\/dev24.devconceptionwm.com\/"},{"@type":"ListItem","position":2,"name":"Recursos \u00fatiles"}]},{"@type":"WebSite","@id":"https:\/\/dev24.devconceptionwm.com\/#website","url":"https:\/\/dev24.devconceptionwm.com\/","name":"Carrefour d&#039;action interculturelle","description":"","publisher":{"@id":"https:\/\/dev24.devconceptionwm.com\/#organization"},"potentialAction":[{"@type":"SearchAction","target":{"@type":"EntryPoint","urlTemplate":"https:\/\/dev24.devconceptionwm.com\/?s={search_term_string}"},"query-input":"required name=search_term_string"}],"inLanguage":"es"},{"@type":"Organization","@id":"https:\/\/dev24.devconceptionwm.com\/#organization","name":"Carrefour d&#039;action interculturelle","url":"https:\/\/dev24.devconceptionwm.com\/","logo":{"@type":"ImageObject","inLanguage":"es","@id":"https:\/\/dev24.devconceptionwm.com\/#\/schema\/logo\/image\/","url":"https:\/\/dev24.devconceptionwm.com\/wp-content\/uploads\/2023\/11\/CAI-logo-blanc.png","contentUrl":"https:\/\/dev24.devconceptionwm.com\/wp-content\/uploads\/2023\/11\/CAI-logo-blanc.png","width":100,"height":70,"caption":"Carrefour d&#039;action interculturelle"},"image":{"@id":"https:\/\/dev24.devconceptionwm.com\/#\/schema\/logo\/image\/"}}]}},"_links":{"self":[{"href":"https:\/\/dev24.devconceptionwm.com\/es\/wp-json\/wp\/v2\/pages\/1315","targetHints":{"allow":["GET"]}}],"collection":[{"href":"https:\/\/dev24.devconceptionwm.com\/es\/wp-json\/wp\/v2\/pages"}],"about":[{"href":"https:\/\/dev24.devconceptionwm.com\/es\/wp-json\/wp\/v2\/types\/page"}],"author":[{"embeddable":true,"href":"https:\/\/dev24.devconceptionwm.com\/es\/wp-json\/wp\/v2\/users\/2"}],"replies":[{"embeddable":true,"href":"https:\/\/dev24.devconceptionwm.com\/es\/wp-json\/wp\/v2\/comments?post=1315"}],"version-history":[{"count":4,"href":"https:\/\/dev24.devconceptionwm.com\/es\/wp-json\/wp\/v2\/pages\/1315\/revisions"}],"predecessor-version":[{"id":1639,"href":"https:\/\/dev24.devconceptionwm.com\/es\/wp-json\/wp\/v2\/pages\/1315\/revisions\/1639"}],"wp:attachment":[{"href":"https:\/\/dev24.devconceptionwm.com\/es\/wp-json\/wp\/v2\/media?parent=1315"}],"curies":[{"name":"wp","href":"https:\/\/api.w.org\/{rel}","templated":true}]}}