{"id":1325,"date":"2023-11-28T13:43:02","date_gmt":"2023-11-28T18:43:02","guid":{"rendered":"https:\/\/dev24.devconceptionwm.com\/nuestros-socios\/"},"modified":"2024-01-29T11:11:54","modified_gmt":"2024-01-29T16:11:54","slug":"nuestros-socios","status":"publish","type":"page","link":"https:\/\/dev24.devconceptionwm.com\/es\/nuestros-socios\/","title":{"rendered":"Nuestros socios"},"content":{"rendered":"\t\t<div data-elementor-type=\"wp-page\" data-elementor-id=\"1325\" class=\"elementor elementor-1325 elementor-540\" data-elementor-post-type=\"page\">\n\t\t\t\t<div class=\"elementor-element elementor-element-ce72206 e-flex e-con-boxed e-con e-parent\" data-id=\"ce72206\" data-element_type=\"container\" data-settings=\"{&quot;content_width&quot;:&quot;boxed&quot;}\" data-core-v316-plus=\"true\">\n\t\t\t\t\t<div class=\"e-con-inner\">\n\t\t<div class=\"elementor-element elementor-element-2ec2512 e-con-full e-flex e-con e-child\" data-id=\"2ec2512\" data-element_type=\"container\" data-settings=\"{&quot;content_width&quot;:&quot;full&quot;}\">\n\t\t\t\t<div class=\"elementor-element elementor-element-c6bc4db elementor-widget elementor-widget-text-editor\" data-id=\"c6bc4db\" data-element_type=\"widget\" data-widget_type=\"text-editor.default\">\n\t\t\t\t<div class=\"elementor-widget-container\">\n\t\t\t<style>\/*! elementor - v3.19.0 - 29-01-2024 *\/\n.elementor-widget-text-editor.elementor-drop-cap-view-stacked .elementor-drop-cap{background-color:#69727d;color:#fff}.elementor-widget-text-editor.elementor-drop-cap-view-framed .elementor-drop-cap{color:#69727d;border:3px solid;background-color:transparent}.elementor-widget-text-editor:not(.elementor-drop-cap-view-default) .elementor-drop-cap{margin-top:8px}.elementor-widget-text-editor:not(.elementor-drop-cap-view-default) .elementor-drop-cap-letter{width:1em;height:1em}.elementor-widget-text-editor .elementor-drop-cap{float:left;text-align:center;line-height:1;font-size:50px}.elementor-widget-text-editor .elementor-drop-cap-letter{display:inline-block}<\/style>\t\t\t\t<p>Las actividades del CAI no ser\u00edan posibles sin la generosa contribuci\u00f3n de nuestros socios financieros. En primer lugar, queremos expresar nuestro m\u00e1s sincero agradecimiento a todos nuestros donantes privados:<\/p>\n\t\t\t\t\t\t<\/div>\n\t\t\t\t<\/div>\n\t\t\t\t<\/div>\n\t\t<div class=\"elementor-element elementor-element-0add525 e-con-full e-flex e-con e-child\" data-id=\"0add525\" data-element_type=\"container\" data-settings=\"{&quot;content_width&quot;:&quot;full&quot;}\">\n\t\t\t\t<div class=\"elementor-element elementor-element-1cf62da elementor-widget elementor-widget-image\" data-id=\"1cf62da\" data-element_type=\"widget\" data-widget_type=\"image.default\">\n\t\t\t\t<div class=\"elementor-widget-container\">\n\t\t\t<style>\/*! elementor - v3.19.0 - 29-01-2024 *\/\n.elementor-widget-image{text-align:center}.elementor-widget-image a{display:inline-block}.elementor-widget-image a img[src$=\".svg\"]{width:48px}.elementor-widget-image img{vertical-align:middle;display:inline-block}<\/style>\t\t\t\t\t\t\t\t\t\t<img fetchpriority=\"high\" decoding=\"async\" width=\"800\" height=\"409\" src=\"https:\/\/dev24.devconceptionwm.com\/wp-content\/uploads\/2024\/01\/DSC06004-1024x524.jpg\" class=\"attachment-large size-large wp-image-1406\" alt=\"\" srcset=\"https:\/\/dev24.devconceptionwm.com\/wp-content\/uploads\/2024\/01\/DSC06004-1024x524.jpg 1024w, https:\/\/dev24.devconceptionwm.com\/wp-content\/uploads\/2024\/01\/DSC06004-300x154.jpg 300w, https:\/\/dev24.devconceptionwm.com\/wp-content\/uploads\/2024\/01\/DSC06004-768x393.jpg 768w, https:\/\/dev24.devconceptionwm.com\/wp-content\/uploads\/2024\/01\/DSC06004-1536x786.jpg 1536w, https:\/\/dev24.devconceptionwm.com\/wp-content\/uploads\/2024\/01\/DSC06004-2048x1048.jpg 2048w\" sizes=\"(max-width: 800px) 100vw, 800px\" \/>\t\t\t\t\t\t\t\t\t\t\t\t\t<\/div>\n\t\t\t\t<\/div>\n\t\t\t\t<\/div>\n\t\t\t\t\t<\/div>\n\t\t\t\t<\/div>\n\t\t<div class=\"elementor-element elementor-element-7e099d2 e-flex e-con-boxed e-con e-parent\" data-id=\"7e099d2\" data-element_type=\"container\" data-settings=\"{&quot;content_width&quot;:&quot;boxed&quot;}\" data-core-v316-plus=\"true\">\n\t\t\t\t\t<div class=\"e-con-inner\">\n\t\t\t\t<div class=\"elementor-element elementor-element-fe49fae elementor-widget__width-initial elementor-widget elementor-widget-image\" data-id=\"fe49fae\" data-element_type=\"widget\" data-widget_type=\"image.default\">\n\t\t\t\t<div class=\"elementor-widget-container\">\n\t\t\t\t\t\t\t\t\t\t\t\t\t<img decoding=\"async\" width=\"300\" height=\"105\" src=\"https:\/\/dev24.devconceptionwm.com\/wp-content\/uploads\/2023\/12\/quebecnonof-300x105-1.png\" class=\"attachment-large size-large wp-image-1235\" alt=\"\" \/>\t\t\t\t\t\t\t\t\t\t\t\t\t<\/div>\n\t\t\t\t<\/div>\n\t\t\t\t<div class=\"elementor-element elementor-element-b1a23b5 elementor-widget__width-initial elementor-widget elementor-widget-image\" data-id=\"b1a23b5\" data-element_type=\"widget\" data-widget_type=\"image.default\">\n\t\t\t\t<div class=\"elementor-widget-container\">\n\t\t\t\t\t\t\t\t\t\t\t\t\t<img decoding=\"async\" width=\"268\" height=\"188\" src=\"https:\/\/dev24.devconceptionwm.com\/wp-content\/uploads\/2023\/12\/canadalogo-e1706544037636.png\" class=\"attachment-large size-large wp-image-1237\" alt=\"\" \/>\t\t\t\t\t\t\t\t\t\t\t\t\t<\/div>\n\t\t\t\t<\/div>\n\t\t\t\t<div class=\"elementor-element elementor-element-b60a74c elementor-widget__width-initial elementor-widget elementor-widget-image\" data-id=\"b60a74c\" data-element_type=\"widget\" data-widget_type=\"image.default\">\n\t\t\t\t<div class=\"elementor-widget-container\">\n\t\t\t\t\t\t\t\t\t\t\t\t\t<img loading=\"lazy\" decoding=\"async\" width=\"254\" height=\"71\" src=\"https:\/\/dev24.devconceptionwm.com\/wp-content\/uploads\/2023\/12\/Logo-Fondation-Jules-Dallaire.png\" class=\"attachment-large size-large wp-image-1239\" alt=\"\" \/>\t\t\t\t\t\t\t\t\t\t\t\t\t<\/div>\n\t\t\t\t<\/div>\n\t\t\t\t<div class=\"elementor-element elementor-element-fb967cc elementor-widget__width-initial elementor-widget elementor-widget-image\" data-id=\"fb967cc\" data-element_type=\"widget\" data-widget_type=\"image.default\">\n\t\t\t\t<div class=\"elementor-widget-container\">\n\t\t\t\t\t\t\t\t\t\t\t\t\t<img loading=\"lazy\" decoding=\"async\" width=\"137\" height=\"111\" src=\"https:\/\/dev24.devconceptionwm.com\/wp-content\/uploads\/2023\/12\/Fsaisonnouvelle.png\" class=\"attachment-large size-large wp-image-1241\" alt=\"\" \/>\t\t\t\t\t\t\t\t\t\t\t\t\t<\/div>\n\t\t\t\t<\/div>\n\t\t\t\t<div class=\"elementor-element elementor-element-dd40a3b elementor-widget__width-initial elementor-widget elementor-widget-image\" data-id=\"dd40a3b\" data-element_type=\"widget\" data-widget_type=\"image.default\">\n\t\t\t\t<div class=\"elementor-widget-container\">\n\t\t\t\t\t\t\t\t\t\t\t\t\t<img loading=\"lazy\" decoding=\"async\" width=\"130\" height=\"130\" src=\"https:\/\/dev24.devconceptionwm.com\/wp-content\/uploads\/2023\/12\/tdnonoffi-p65jhb4890ewp2ef0m5pa2rvkdprzko45kya259zmc.png\" class=\"attachment-large size-large wp-image-1243\" alt=\"\" \/>\t\t\t\t\t\t\t\t\t\t\t\t\t<\/div>\n\t\t\t\t<\/div>\n\t\t\t\t<div class=\"elementor-element elementor-element-03dd286 elementor-widget__width-initial elementor-widget elementor-widget-image\" data-id=\"03dd286\" data-element_type=\"widget\" data-widget_type=\"image.default\">\n\t\t\t\t<div class=\"elementor-widget-container\">\n\t\t\t\t\t\t\t\t\t\t\t\t\t<img loading=\"lazy\" decoding=\"async\" width=\"277\" height=\"182\" src=\"https:\/\/dev24.devconceptionwm.com\/wp-content\/uploads\/2023\/12\/VQ.png\" class=\"attachment-large size-large wp-image-1245\" alt=\"\" \/>\t\t\t\t\t\t\t\t\t\t\t\t\t<\/div>\n\t\t\t\t<\/div>\n\t\t\t\t<div class=\"elementor-element elementor-element-849befb elementor-widget__width-initial elementor-widget elementor-widget-image\" data-id=\"849befb\" data-element_type=\"widget\" data-widget_type=\"image.default\">\n\t\t\t\t<div class=\"elementor-widget-container\">\n\t\t\t\t\t\t\t\t\t\t\t\t\t<img loading=\"lazy\" decoding=\"async\" width=\"150\" height=\"150\" src=\"https:\/\/dev24.devconceptionwm.com\/wp-content\/uploads\/2023\/12\/fondation-pmtroy-150x150-1.png\" class=\"attachment-large size-large wp-image-1247\" alt=\"\" \/>\t\t\t\t\t\t\t\t\t\t\t\t\t<\/div>\n\t\t\t\t<\/div>\n\t\t\t\t<div class=\"elementor-element elementor-element-a178b5e elementor-widget__width-initial elementor-widget elementor-widget-image\" data-id=\"a178b5e\" data-element_type=\"widget\" data-widget_type=\"image.default\">\n\t\t\t\t<div class=\"elementor-widget-container\">\n\t\t\t\t\t\t\t\t\t\t\t\t\t<img loading=\"lazy\" decoding=\"async\" width=\"596\" height=\"179\" src=\"https:\/\/dev24.devconceptionwm.com\/wp-content\/uploads\/2023\/12\/815-20100.png\" class=\"attachment-large size-large wp-image-1249\" alt=\"\" srcset=\"https:\/\/dev24.devconceptionwm.com\/wp-content\/uploads\/2023\/12\/815-20100.png 596w, https:\/\/dev24.devconceptionwm.com\/wp-content\/uploads\/2023\/12\/815-20100-300x90.png 300w\" sizes=\"(max-width: 596px) 100vw, 596px\" \/>\t\t\t\t\t\t\t\t\t\t\t\t\t<\/div>\n\t\t\t\t<\/div>\n\t\t\t\t<div class=\"elementor-element elementor-element-cff0415 elementor-widget__width-initial elementor-widget elementor-widget-image\" data-id=\"cff0415\" data-element_type=\"widget\" data-widget_type=\"image.default\">\n\t\t\t\t<div class=\"elementor-widget-container\">\n\t\t\t\t\t\t\t\t\t\t\t\t\t<img loading=\"lazy\" decoding=\"async\" width=\"525\" height=\"300\" src=\"https:\/\/dev24.devconceptionwm.com\/wp-content\/uploads\/2023\/12\/Visuel_Taschereau-CDorion-COUL.jpg\" class=\"attachment-large size-large wp-image-1233\" alt=\"\" srcset=\"https:\/\/dev24.devconceptionwm.com\/wp-content\/uploads\/2023\/12\/Visuel_Taschereau-CDorion-COUL.jpg 525w, https:\/\/dev24.devconceptionwm.com\/wp-content\/uploads\/2023\/12\/Visuel_Taschereau-CDorion-COUL-300x171.jpg 300w\" sizes=\"(max-width: 525px) 100vw, 525px\" \/>\t\t\t\t\t\t\t\t\t\t\t\t\t<\/div>\n\t\t\t\t<\/div>\n\t\t\t\t\t<\/div>\n\t\t\t\t<\/div>\n\t\t<div class=\"elementor-element elementor-element-05742bb e-flex e-con-boxed e-con e-parent\" data-id=\"05742bb\" data-element_type=\"container\" data-settings=\"{&quot;background_background&quot;:&quot;classic&quot;,&quot;content_width&quot;:&quot;boxed&quot;}\" data-core-v316-plus=\"true\">\n\t\t\t\t\t<div class=\"e-con-inner\">\n\t\t\t\t<div class=\"elementor-element elementor-element-479a9f9 elementor-widget__width-initial elementor-widget-mobile__width-inherit elementor-widget elementor-widget-heading\" data-id=\"479a9f9\" data-element_type=\"widget\" data-widget_type=\"heading.default\">\n\t\t\t\t<div class=\"elementor-widget-container\">\n\t\t\t<style>\/*! elementor - v3.19.0 - 29-01-2024 *\/\n.elementor-heading-title{padding:0;margin:0;line-height:1}.elementor-widget-heading .elementor-heading-title[class*=elementor-size-]>a{color:inherit;font-size:inherit;line-height:inherit}.elementor-widget-heading .elementor-heading-title.elementor-size-small{font-size:15px}.elementor-widget-heading .elementor-heading-title.elementor-size-medium{font-size:19px}.elementor-widget-heading .elementor-heading-title.elementor-size-large{font-size:29px}.elementor-widget-heading .elementor-heading-title.elementor-size-xl{font-size:39px}.elementor-widget-heading .elementor-heading-title.elementor-size-xxl{font-size:59px}<\/style><h3 class=\"elementor-heading-title elementor-size-default\">Hermanas de San Jos\u00e9 de Saint-Vallier<\/h3>\t\t<\/div>\n\t\t\t\t<\/div>\n\t\t\t\t<div class=\"elementor-element elementor-element-fbd48ae elementor-widget__width-initial elementor-widget-mobile__width-inherit elementor-widget elementor-widget-heading\" data-id=\"fbd48ae\" data-element_type=\"widget\" data-widget_type=\"heading.default\">\n\t\t\t\t<div class=\"elementor-widget-container\">\n\t\t\t<h3 class=\"elementor-heading-title elementor-size-default\">Fundaci\u00f3n Enterprise Holdings<\/h3>\t\t<\/div>\n\t\t\t\t<\/div>\n\t\t\t\t<div class=\"elementor-element elementor-element-c23c7c7 elementor-widget__width-initial elementor-widget-mobile__width-inherit elementor-widget elementor-widget-heading\" data-id=\"c23c7c7\" data-element_type=\"widget\" data-widget_type=\"heading.default\">\n\t\t\t\t<div class=\"elementor-widget-container\">\n\t\t\t<h3 class=\"elementor-heading-title elementor-size-default\">Hermanas Siervas del Sagrado Coraz\u00f3n de Mar\u00eda<\/h3>\t\t<\/div>\n\t\t\t\t<\/div>\n\t\t\t\t<div class=\"elementor-element elementor-element-ea3f0cd elementor-widget__width-initial elementor-widget-mobile__width-inherit elementor-widget elementor-widget-heading\" data-id=\"ea3f0cd\" data-element_type=\"widget\" data-widget_type=\"heading.default\">\n\t\t\t\t<div class=\"elementor-widget-container\">\n\t\t\t<h3 class=\"elementor-heading-title elementor-size-default\">Hermanas de la Caridad de Saint-Louis<\/h3>\t\t<\/div>\n\t\t\t\t<\/div>\n\t\t\t\t<div class=\"elementor-element elementor-element-b4e02e0 elementor-widget__width-initial elementor-widget-mobile__width-inherit elementor-widget elementor-widget-heading\" data-id=\"b4e02e0\" data-element_type=\"widget\" data-widget_type=\"heading.default\">\n\t\t\t\t<div class=\"elementor-widget-container\">\n\t\t\t<h3 class=\"elementor-heading-title elementor-size-default\">Hermanas de la Caridad<\/h3>\t\t<\/div>\n\t\t\t\t<\/div>\n\t\t\t\t<div class=\"elementor-element elementor-element-c358a5d elementor-widget__width-initial elementor-widget-mobile__width-inherit elementor-widget elementor-widget-heading\" data-id=\"c358a5d\" data-element_type=\"widget\" data-widget_type=\"heading.default\">\n\t\t\t\t<div class=\"elementor-widget-container\">\n\t\t\t<h3 class=\"elementor-heading-title elementor-size-default\">Fondo de Ayuda de los Hermanos de las Escuelas Cristianas<\/h3>\t\t<\/div>\n\t\t\t\t<\/div>\n\t\t\t\t\t<\/div>\n\t\t\t\t<\/div>\n\t\t<div class=\"elementor-element elementor-element-83002ec e-flex e-con-boxed e-con e-parent\" data-id=\"83002ec\" data-element_type=\"container\" data-settings=\"{&quot;background_background&quot;:&quot;classic&quot;,&quot;shape_divider_top&quot;:&quot;mountains&quot;,&quot;content_width&quot;:&quot;boxed&quot;}\" data-core-v316-plus=\"true\">\n\t\t\t\t\t<div class=\"e-con-inner\">\n\t\t\t\t<div class=\"elementor-shape elementor-shape-top\" data-negative=\"false\">\n\t\t\t<svg xmlns=\"http:\/\/www.w3.org\/2000\/svg\" viewBox=\"0 0 1000 100\" preserveAspectRatio=\"none\">\n\t<path class=\"elementor-shape-fill\" opacity=\"0.33\" d=\"M473,67.3c-203.9,88.3-263.1-34-320.3,0C66,119.1,0,59.7,0,59.7V0h1000v59.7 c0,0-62.1,26.1-94.9,29.3c-32.8,3.3-62.8-12.3-75.8-22.1C806,49.6,745.3,8.7,694.9,4.7S492.4,59,473,67.3z\"\/>\n\t<path class=\"elementor-shape-fill\" opacity=\"0.66\" d=\"M734,67.3c-45.5,0-77.2-23.2-129.1-39.1c-28.6-8.7-150.3-10.1-254,39.1 s-91.7-34.4-149.2,0C115.7,118.3,0,39.8,0,39.8V0h1000v36.5c0,0-28.2-18.5-92.1-18.5C810.2,18.1,775.7,67.3,734,67.3z\"\/>\n\t<path class=\"elementor-shape-fill\" d=\"M766.1,28.9c-200-57.5-266,65.5-395.1,19.5C242,1.8,242,5.4,184.8,20.6C128,35.8,132.3,44.9,89.9,52.5C28.6,63.7,0,0,0,0 h1000c0,0-9.9,40.9-83.6,48.1S829.6,47,766.1,28.9z\"\/>\n<\/svg>\t\t<\/div>\n\t\t\t\t<div class=\"elementor-element elementor-element-cf0d37d elementor-widget__width-initial elementor-widget-mobile__width-inherit elementor-widget elementor-widget-heading\" data-id=\"cf0d37d\" data-element_type=\"widget\" data-widget_type=\"heading.default\">\n\t\t\t\t<div class=\"elementor-widget-container\">\n\t\t\t<h4 class=\"elementor-heading-title elementor-size-default\">Hermanas de San Francisco<\/h4>\t\t<\/div>\n\t\t\t\t<\/div>\n\t\t\t\t<div class=\"elementor-element elementor-element-ecbe005 elementor-widget__width-initial elementor-widget-mobile__width-inherit elementor-widget elementor-widget-heading\" data-id=\"ecbe005\" data-element_type=\"widget\" data-widget_type=\"heading.default\">\n\t\t\t\t<div class=\"elementor-widget-container\">\n\t\t\t<h4 class=\"elementor-heading-title elementor-size-default\">Religiosos de San Vicente de Pa\u00fal<\/h4>\t\t<\/div>\n\t\t\t\t<\/div>\n\t\t\t\t<div class=\"elementor-element elementor-element-d64a2f4 elementor-widget elementor-widget-heading\" data-id=\"d64a2f4\" data-element_type=\"widget\" data-widget_type=\"heading.default\">\n\t\t\t\t<div class=\"elementor-widget-container\">\n\t\t\t<h4 class=\"elementor-heading-title elementor-size-default\">Monjas Clarisas<\/h4>\t\t<\/div>\n\t\t\t\t<\/div>\n\t\t\t\t<div class=\"elementor-element elementor-element-34b3cb4 elementor-widget__width-initial elementor-widget-mobile__width-inherit elementor-widget elementor-widget-heading\" data-id=\"34b3cb4\" data-element_type=\"widget\" data-widget_type=\"heading.default\">\n\t\t\t\t<div class=\"elementor-widget-container\">\n\t\t\t<h4 class=\"elementor-heading-title elementor-size-default\">Ursulinas de la Uni\u00f3n Canadiense<\/h4>\t\t<\/div>\n\t\t\t\t<\/div>\n\t\t\t\t<div class=\"elementor-element elementor-element-3b839aa elementor-widget__width-initial elementor-widget-mobile__width-inherit elementor-widget elementor-widget-heading\" data-id=\"3b839aa\" data-element_type=\"widget\" data-widget_type=\"heading.default\">\n\t\t\t\t<div class=\"elementor-widget-container\">\n\t\t\t<h4 class=\"elementor-heading-title elementor-size-default\">Congregaci\u00f3n de las Hermanas de Nuestra Se\u00f1ora del Perpetuo Socorro<\/h4>\t\t<\/div>\n\t\t\t\t<\/div>\n\t\t\t\t<div class=\"elementor-element elementor-element-c9d96f2 elementor-widget__width-initial elementor-widget-mobile__width-inherit elementor-widget elementor-widget-heading\" data-id=\"c9d96f2\" data-element_type=\"widget\" data-widget_type=\"heading.default\">\n\t\t\t\t<div class=\"elementor-widget-container\">\n\t\t\t<h4 class=\"elementor-heading-title elementor-size-default\">Los Dominicos de la Ciudad de Qu\u00e9bec<\/h4>\t\t<\/div>\n\t\t\t\t<\/div>\n\t\t\t\t\t<\/div>\n\t\t\t\t<\/div>\n\t\t\t\t<\/div>\n\t\t","protected":false},"excerpt":{"rendered":"<p>Las actividades del CAI no ser\u00edan posibles sin la generosa contribuci\u00f3n de nuestros socios financieros. En primer lugar, queremos expresar nuestro m\u00e1s sincero agradecimiento a todos nuestros donantes privados: Hermanas de San Jos\u00e9 de Saint-Vallier Fundaci\u00f3n Enterprise Holdings Hermanas Siervas del Sagrado Coraz\u00f3n de Mar\u00eda Hermanas de la Caridad de Saint-Louis Hermanas de la Caridad [&hellip;]<\/p>\n","protected":false},"author":2,"featured_media":0,"parent":0,"menu_order":0,"comment_status":"closed","ping_status":"closed","template":"","meta":{"footnotes":""},"class_list":["post-1325","page","type-page","status-publish","hentry"],"yoast_head":"<!-- This site is optimized with the Yoast SEO plugin v21.9.1 - https:\/\/yoast.com\/wordpress\/plugins\/seo\/ -->\n<title>Nuestros socios - Carrefour d&#039;action interculturelle<\/title>\n<meta name=\"robots\" content=\"noindex, follow, max-snippet:-1, max-image-preview:large, max-video-preview:-1\" \/>\n<meta property=\"og:locale\" content=\"es_ES\" \/>\n<meta property=\"og:type\" content=\"article\" \/>\n<meta property=\"og:title\" content=\"Nuestros socios - Carrefour d&#039;action interculturelle\" \/>\n<meta property=\"og:description\" content=\"Las actividades del CAI no ser\u00edan posibles sin la generosa contribuci\u00f3n de nuestros socios financieros. En primer lugar, queremos expresar nuestro m\u00e1s sincero agradecimiento a todos nuestros donantes privados: Hermanas de San Jos\u00e9 de Saint-Vallier Fundaci\u00f3n Enterprise Holdings Hermanas Siervas del Sagrado Coraz\u00f3n de Mar\u00eda Hermanas de la Caridad de Saint-Louis Hermanas de la Caridad [&hellip;]\" \/>\n<meta property=\"og:url\" content=\"https:\/\/dev24.devconceptionwm.com\/nos-partenaires\/\" \/>\n<meta property=\"og:site_name\" content=\"Carrefour d&#039;action interculturelle\" \/>\n<meta property=\"article:modified_time\" content=\"2024-01-29T16:11:54+00:00\" \/>\n<meta property=\"og:image\" content=\"https:\/\/dev24.devconceptionwm.com\/wp-content\/uploads\/2024\/01\/DSC06004-1024x524.jpg\" \/>\n<meta name=\"twitter:card\" content=\"summary_large_image\" \/>\n<meta name=\"twitter:label1\" content=\"Tiempo de lectura\" \/>\n\t<meta name=\"twitter:data1\" content=\"1 minuto\" \/>\n<script type=\"application\/ld+json\" class=\"yoast-schema-graph\">{\"@context\":\"https:\/\/schema.org\",\"@graph\":[{\"@type\":\"WebPage\",\"@id\":\"https:\/\/dev24.devconceptionwm.com\/nos-partenaires\/\",\"url\":\"https:\/\/dev24.devconceptionwm.com\/nos-partenaires\/\",\"name\":\"Nuestros socios - Carrefour d&#039;action interculturelle\",\"isPartOf\":{\"@id\":\"https:\/\/dev24.devconceptionwm.com\/#website\"},\"datePublished\":\"2023-11-28T18:43:02+00:00\",\"dateModified\":\"2024-01-29T16:11:54+00:00\",\"breadcrumb\":{\"@id\":\"https:\/\/dev24.devconceptionwm.com\/nos-partenaires\/#breadcrumb\"},\"inLanguage\":\"es\",\"potentialAction\":[{\"@type\":\"ReadAction\",\"target\":[\"https:\/\/dev24.devconceptionwm.com\/nos-partenaires\/\"]}]},{\"@type\":\"BreadcrumbList\",\"@id\":\"https:\/\/dev24.devconceptionwm.com\/nos-partenaires\/#breadcrumb\",\"itemListElement\":[{\"@type\":\"ListItem\",\"position\":1,\"name\":\"Accueil\",\"item\":\"https:\/\/dev24.devconceptionwm.com\/\"},{\"@type\":\"ListItem\",\"position\":2,\"name\":\"Nuestros socios\"}]},{\"@type\":\"WebSite\",\"@id\":\"https:\/\/dev24.devconceptionwm.com\/#website\",\"url\":\"https:\/\/dev24.devconceptionwm.com\/\",\"name\":\"Carrefour d&#039;action interculturelle\",\"description\":\"\",\"publisher\":{\"@id\":\"https:\/\/dev24.devconceptionwm.com\/#organization\"},\"potentialAction\":[{\"@type\":\"SearchAction\",\"target\":{\"@type\":\"EntryPoint\",\"urlTemplate\":\"https:\/\/dev24.devconceptionwm.com\/?s={search_term_string}\"},\"query-input\":\"required name=search_term_string\"}],\"inLanguage\":\"es\"},{\"@type\":\"Organization\",\"@id\":\"https:\/\/dev24.devconceptionwm.com\/#organization\",\"name\":\"Carrefour d&#039;action interculturelle\",\"url\":\"https:\/\/dev24.devconceptionwm.com\/\",\"logo\":{\"@type\":\"ImageObject\",\"inLanguage\":\"es\",\"@id\":\"https:\/\/dev24.devconceptionwm.com\/#\/schema\/logo\/image\/\",\"url\":\"https:\/\/dev24.devconceptionwm.com\/wp-content\/uploads\/2023\/11\/CAI-logo-blanc.png\",\"contentUrl\":\"https:\/\/dev24.devconceptionwm.com\/wp-content\/uploads\/2023\/11\/CAI-logo-blanc.png\",\"width\":100,\"height\":70,\"caption\":\"Carrefour d&#039;action interculturelle\"},\"image\":{\"@id\":\"https:\/\/dev24.devconceptionwm.com\/#\/schema\/logo\/image\/\"}}]}<\/script>\n<!-- \/ Yoast SEO plugin. -->","yoast_head_json":{"title":"Nuestros socios - Carrefour d&#039;action interculturelle","robots":{"index":"noindex","follow":"follow","max-snippet":"max-snippet:-1","max-image-preview":"max-image-preview:large","max-video-preview":"max-video-preview:-1"},"og_locale":"es_ES","og_type":"article","og_title":"Nuestros socios - Carrefour d&#039;action interculturelle","og_description":"Las actividades del CAI no ser\u00edan posibles sin la generosa contribuci\u00f3n de nuestros socios financieros. En primer lugar, queremos expresar nuestro m\u00e1s sincero agradecimiento a todos nuestros donantes privados: Hermanas de San Jos\u00e9 de Saint-Vallier Fundaci\u00f3n Enterprise Holdings Hermanas Siervas del Sagrado Coraz\u00f3n de Mar\u00eda Hermanas de la Caridad de Saint-Louis Hermanas de la Caridad [&hellip;]","og_url":"https:\/\/dev24.devconceptionwm.com\/nos-partenaires\/","og_site_name":"Carrefour d&#039;action interculturelle","article_modified_time":"2024-01-29T16:11:54+00:00","og_image":[{"url":"https:\/\/dev24.devconceptionwm.com\/wp-content\/uploads\/2024\/01\/DSC06004-1024x524.jpg"}],"twitter_card":"summary_large_image","twitter_misc":{"Tiempo de lectura":"1 minuto"},"schema":{"@context":"https:\/\/schema.org","@graph":[{"@type":"WebPage","@id":"https:\/\/dev24.devconceptionwm.com\/nos-partenaires\/","url":"https:\/\/dev24.devconceptionwm.com\/nos-partenaires\/","name":"Nuestros socios - Carrefour d&#039;action interculturelle","isPartOf":{"@id":"https:\/\/dev24.devconceptionwm.com\/#website"},"datePublished":"2023-11-28T18:43:02+00:00","dateModified":"2024-01-29T16:11:54+00:00","breadcrumb":{"@id":"https:\/\/dev24.devconceptionwm.com\/nos-partenaires\/#breadcrumb"},"inLanguage":"es","potentialAction":[{"@type":"ReadAction","target":["https:\/\/dev24.devconceptionwm.com\/nos-partenaires\/"]}]},{"@type":"BreadcrumbList","@id":"https:\/\/dev24.devconceptionwm.com\/nos-partenaires\/#breadcrumb","itemListElement":[{"@type":"ListItem","position":1,"name":"Accueil","item":"https:\/\/dev24.devconceptionwm.com\/"},{"@type":"ListItem","position":2,"name":"Nuestros socios"}]},{"@type":"WebSite","@id":"https:\/\/dev24.devconceptionwm.com\/#website","url":"https:\/\/dev24.devconceptionwm.com\/","name":"Carrefour d&#039;action interculturelle","description":"","publisher":{"@id":"https:\/\/dev24.devconceptionwm.com\/#organization"},"potentialAction":[{"@type":"SearchAction","target":{"@type":"EntryPoint","urlTemplate":"https:\/\/dev24.devconceptionwm.com\/?s={search_term_string}"},"query-input":"required name=search_term_string"}],"inLanguage":"es"},{"@type":"Organization","@id":"https:\/\/dev24.devconceptionwm.com\/#organization","name":"Carrefour d&#039;action interculturelle","url":"https:\/\/dev24.devconceptionwm.com\/","logo":{"@type":"ImageObject","inLanguage":"es","@id":"https:\/\/dev24.devconceptionwm.com\/#\/schema\/logo\/image\/","url":"https:\/\/dev24.devconceptionwm.com\/wp-content\/uploads\/2023\/11\/CAI-logo-blanc.png","contentUrl":"https:\/\/dev24.devconceptionwm.com\/wp-content\/uploads\/2023\/11\/CAI-logo-blanc.png","width":100,"height":70,"caption":"Carrefour d&#039;action interculturelle"},"image":{"@id":"https:\/\/dev24.devconceptionwm.com\/#\/schema\/logo\/image\/"}}]}},"_links":{"self":[{"href":"https:\/\/dev24.devconceptionwm.com\/es\/wp-json\/wp\/v2\/pages\/1325","targetHints":{"allow":["GET"]}}],"collection":[{"href":"https:\/\/dev24.devconceptionwm.com\/es\/wp-json\/wp\/v2\/pages"}],"about":[{"href":"https:\/\/dev24.devconceptionwm.com\/es\/wp-json\/wp\/v2\/types\/page"}],"author":[{"embeddable":true,"href":"https:\/\/dev24.devconceptionwm.com\/es\/wp-json\/wp\/v2\/users\/2"}],"replies":[{"embeddable":true,"href":"https:\/\/dev24.devconceptionwm.com\/es\/wp-json\/wp\/v2\/comments?post=1325"}],"version-history":[{"count":9,"href":"https:\/\/dev24.devconceptionwm.com\/es\/wp-json\/wp\/v2\/pages\/1325\/revisions"}],"predecessor-version":[{"id":1659,"href":"https:\/\/dev24.devconceptionwm.com\/es\/wp-json\/wp\/v2\/pages\/1325\/revisions\/1659"}],"wp:attachment":[{"href":"https:\/\/dev24.devconceptionwm.com\/es\/wp-json\/wp\/v2\/media?parent=1325"}],"curies":[{"name":"wp","href":"https:\/\/api.w.org\/{rel}","templated":true}]}}